
{"id":2,"date":"2017-11-07T21:27:38","date_gmt":"2017-11-07T20:27:38","guid":{"rendered":"http:\/\/hardis.org\/?page_id=2"},"modified":"2020-04-06T10:41:09","modified_gmt":"2020-04-06T08:41:09","slug":"zkusebni-stranka","status":"publish","type":"page","link":"https:\/\/valid.ldf.mendelu.cz\/","title":{"rendered":"O projektu"},"content":{"rendered":"<p class=\"western\" style=\"text-align: justify;\">Tento projekt sleduje t\u0159i c\u00edle, a to (1) budov\u00e1n\u00ed a roz\u0161i\u0159ov\u00e1n\u00ed metodick\u00fdch dovednost\u00ed, (2) vytvo\u0159en\u00ed datab\u00e1ze materi\u00e1l\u016f a v\u00fdvoj proces\u016f pro biogenn\u00ed odpadn\u00ed l\u00e1tky a (3) z\u0159\u00edzen\u00ed VALID CENTRE, centra odborn\u00fdch znalost\u00ed pro lep\u0161\u00ed vyu\u017eit\u00ed biogenn\u00edch odpadn\u00edch l\u00e1tek. VALID je odvozen z \u201ep\u0159idan\u00e9 hodnoty z rezidu\u00ed\u201c a nazna\u010duje, \u017ee v\u00a0programov\u00e9m regionu v\u00a0obdobn\u00e9 form\u011b a s\u00a0nar\u016fstaj\u00edc\u00edm trendem, doch\u00e1z\u00ed ke\u00a0vzniku velk\u00e9ho mno\u017estv\u00ed hodnotn\u00fdch zbytkov\u00fdch materi\u00e1l\u016f z\u00a0v\u00fdroby piva, v\u00edna a zpracov\u00e1n\u00ed d\u0159eva. Dosavadn\u00ed zp\u016fsoby zhodnocov\u00e1n\u00ed jsou \u010dasto nastaveny nedostate\u010dn\u011b, velmi \u010dasto je praktikov\u00e1no pouze energetick\u00e9 vyu\u017eit\u00ed (spalov\u00e1n\u00ed). Projektov\u00e9 t\u00fdmy partnersk\u00fdch zem\u00ed dlouhodob\u011b spolupracuj\u00ed v\u00a0t\u00e9to oblasti, mezin\u00e1rodn\u011b publikuj\u00ed a nyn\u00ed budou zapojeni dal\u0161\u00ed partne\u0159i, aby se vytvo\u0159ila \u0161ir\u0161\u00ed s\u00ed\u0165 kompetenc\u00ed, kter\u00e1 dopln\u00ed analytick\u00e9 a procesn\u011b-technologick\u00e9 vybaven\u00ed, \u010d\u00edm\u017e umo\u017en\u00ed nov\u00e9 mo\u017enosti spolupr\u00e1ce. Konsorcium pokr\u00fdv\u00e1 oblasti chemie p\u0159\u00edrodn\u00edch l\u00e1tek, technologie p\u0159\u00edrodn\u00edch l\u00e1tek, procesy technologick\u00e9, jako\u017e i biotechnologick\u00e9. Ve v\u00fdzkumu tak mohou b\u00fdt generov\u00e1ny super-aditivn\u00ed efekty, co\u017e je pro t\u00e9ma interdisciplin\u00e1rn\u00edho projektu velice d\u016fle\u017eit\u00e9. V\u00fdsledky maj\u00ed enormn\u00ed potenci\u00e1l pro implementaci v\u00a0pr\u016fmyslu, vytvo\u0159en\u00ed nov\u00fdch pracovn\u00edch m\u00edst, jako\u017e i pro region\u00e1ln\u00ed rozvoj. V\u00a0centru pozornosti budou \u00a0st\u00e1t v\u00fdsledky ve form\u011b produkt\u016f: bio-lepidla z\u00a0pivovarsk\u00e9ho ml\u00e1ta, nano\u010d\u00e1stice\u00a0ligninu, polyfenolick\u00e9 \u00fa\u010dinn\u00e9 l\u00e1tky z\u00a0vina\u0159sk\u00e9ho ml\u00e1ta, nap\u0159. s\u00a0fytotoxick\u00fdmi \u00fa\u010dinky nebo fenolick\u00e1 \u00a0extraktiva ze\u00a0d\u0159eva. Posledn\u00ed zm\u00edn\u011bn\u00e9 mohou slou\u017eit na funkcionalizaci, nap\u0159. m\u00e9n\u011b-hodnotn\u00e9ho d\u0159eva, resp. na deskov\u00e9 materi\u00e1ly. Projekt je zam\u011b\u0159en na vybudov\u00e1n\u00ed a dopln\u011bn\u00ed v\u00fdzkumn\u00e9 infrastruktury partner\u016f konsorcia (zejm\u00e9na urychlen\u00fdch postup\u016f extrakce, vysoce-specifick\u00e9 anal\u00fdzy p\u0159\u00edrodn\u00edch l\u00e1tek, charakterizace \u010d\u00e1stic a vl\u00e1ken), \u010d\u00edm\u017e se roz\u0161\u00ed\u0159\u00ed jejich vz\u00e1jemn\u00e9 mo\u017enosti.\u00a0 Hlavn\u00ed konsorcium MENDELU a BOKU bude dopln\u011bno o strategick\u00e9 partnery <a href=\"https:\/\/www.fh-krems.ac.at\/\">IMC FH Krems GmbH<\/a> a <a href=\"https:\/\/www.wood-kplus.at\/de\">Kompetenzzentrum Holz GmbH<\/a>, kter\u00e9 jsou v\u00fdznamn\u00fdmi institucemi v\u00a0oblasti biotechnologi\u00ed, resp. v\u00fdvoje materi\u00e1l\u016f.<\/p>\n<p><a href=\"https:\/\/rumex.mendelu.cz\/valid\/wp-content\/uploads\/2020\/04\/Noc-vedcu-2019_1.jpg\"><img loading=\"lazy\" decoding=\"async\" class=\"aligncenter wp-image-432 size-large\" src=\"https:\/\/rumex.mendelu.cz\/valid\/wp-content\/uploads\/2020\/04\/Noc-vedcu-2019_1-1024x498.jpg\" alt=\"\" width=\"840\" height=\"409\" srcset=\"https:\/\/valid.ldf.mendelu.cz\/wp-content\/uploads\/2020\/04\/Noc-vedcu-2019_1-1024x498.jpg 1024w, https:\/\/valid.ldf.mendelu.cz\/wp-content\/uploads\/2020\/04\/Noc-vedcu-2019_1-300x146.jpg 300w, https:\/\/valid.ldf.mendelu.cz\/wp-content\/uploads\/2020\/04\/Noc-vedcu-2019_1-768x373.jpg 768w, https:\/\/valid.ldf.mendelu.cz\/wp-content\/uploads\/2020\/04\/Noc-vedcu-2019_1-1170x569.jpg 1170w\" sizes=\"auto, (max-width: 840px) 100vw, 840px\" \/><\/a><\/p>\n<p>&nbsp;<\/p>\n","protected":false},"excerpt":{"rendered":"<p>Tento projekt sleduje t\u0159i c\u00edle, a to (1) budov\u00e1n\u00ed a roz\u0161i\u0159ov\u00e1n\u00ed metodick\u00fdch dovednost\u00ed, (2) vytvo\u0159en\u00ed datab\u00e1ze materi\u00e1l\u016f a v\u00fdvoj proces\u016f pro biogenn\u00ed odpadn\u00ed l\u00e1tky a (3) z\u0159\u00edzen\u00ed VALID CENTRE, centra odborn\u00fdch znalost\u00ed pro lep\u0161\u00ed vyu\u017eit\u00ed biogenn\u00edch odpadn\u00edch l\u00e1tek. VALID je&#8230;<br \/><a class=\"read-more-button\" href=\"https:\/\/valid.ldf.mendelu.cz\/\">\u010c\u00edst v\u00edce<\/a><\/p>\n","protected":false},"author":4,"featured_media":0,"parent":0,"menu_order":0,"comment_status":"closed","ping_status":"open","template":"","meta":{"_exactmetrics_skip_tracking":false,"_exactmetrics_sitenote_active":false,"_exactmetrics_sitenote_note":"","_exactmetrics_sitenote_category":0,"footnotes":""},"class_list":["post-2","page","type-page","status-publish","hentry"],"_links":{"self":[{"href":"https:\/\/valid.ldf.mendelu.cz\/index.php?rest_route=\/wp\/v2\/pages\/2","targetHints":{"allow":["GET"]}}],"collection":[{"href":"https:\/\/valid.ldf.mendelu.cz\/index.php?rest_route=\/wp\/v2\/pages"}],"about":[{"href":"https:\/\/valid.ldf.mendelu.cz\/index.php?rest_route=\/wp\/v2\/types\/page"}],"author":[{"embeddable":true,"href":"https:\/\/valid.ldf.mendelu.cz\/index.php?rest_route=\/wp\/v2\/users\/4"}],"replies":[{"embeddable":true,"href":"https:\/\/valid.ldf.mendelu.cz\/index.php?rest_route=%2Fwp%2Fv2%2Fcomments&post=2"}],"version-history":[{"count":22,"href":"https:\/\/valid.ldf.mendelu.cz\/index.php?rest_route=\/wp\/v2\/pages\/2\/revisions"}],"predecessor-version":[{"id":440,"href":"https:\/\/valid.ldf.mendelu.cz\/index.php?rest_route=\/wp\/v2\/pages\/2\/revisions\/440"}],"wp:attachment":[{"href":"https:\/\/valid.ldf.mendelu.cz\/index.php?rest_route=%2Fwp%2Fv2%2Fmedia&parent=2"}],"curies":[{"name":"wp","href":"https:\/\/api.w.org\/{rel}","templated":true}]}}