
{"id":404,"date":"2020-04-02T11:51:16","date_gmt":"2020-04-02T09:51:16","guid":{"rendered":"https:\/\/rumex.mendelu.cz\/hardis\/?page_id=404"},"modified":"2023-11-30T10:27:53","modified_gmt":"2023-11-30T09:27:53","slug":"partneri","status":"publish","type":"page","link":"https:\/\/valid.ldf.mendelu.cz\/?page_id=404","title":{"rendered":"Partne\u0159i"},"content":{"rendered":"<div class=\"wp-block-image\">\n<figure class=\"aligncenter size-full\"><img loading=\"lazy\" decoding=\"async\" width=\"212\" height=\"399\" src=\"https:\/\/rumex.mendelu.cz\/valid\/wp-content\/uploads\/2023\/11\/obrazek.png\" alt=\"\" class=\"wp-image-488\" srcset=\"https:\/\/valid.ldf.mendelu.cz\/wp-content\/uploads\/2023\/11\/obrazek.png 212w, https:\/\/valid.ldf.mendelu.cz\/wp-content\/uploads\/2023\/11\/obrazek-159x300.png 159w\" sizes=\"auto, (max-width: 212px) 100vw, 212px\" \/><\/figure>\n<\/div>\n\n\n<p>Nami\u0159te pros\u00edm my\u0161\u00ed na menu Partne\u0159i a vyberte p\u0159\u00edslu\u0161n\u00e9ho partnera poklik\u00e1n\u00edm.<\/p>\n","protected":false},"excerpt":{"rendered":"<p>Nami\u0159te pros\u00edm my\u0161\u00ed na menu Partne\u0159i a vyberte p\u0159\u00edslu\u0161n\u00e9ho partnera poklik\u00e1n\u00edm.<\/p>\n","protected":false},"author":4,"featured_media":0,"parent":0,"menu_order":0,"comment_status":"closed","ping_status":"closed","template":"","meta":{"_exactmetrics_skip_tracking":false,"_exactmetrics_sitenote_active":false,"_exactmetrics_sitenote_note":"","_exactmetrics_sitenote_category":0,"footnotes":""},"class_list":["post-404","page","type-page","status-publish","hentry"],"_links":{"self":[{"href":"https:\/\/valid.ldf.mendelu.cz\/index.php?rest_route=\/wp\/v2\/pages\/404","targetHints":{"allow":["GET"]}}],"collection":[{"href":"https:\/\/valid.ldf.mendelu.cz\/index.php?rest_route=\/wp\/v2\/pages"}],"about":[{"href":"https:\/\/valid.ldf.mendelu.cz\/index.php?rest_route=\/wp\/v2\/types\/page"}],"author":[{"embeddable":true,"href":"https:\/\/valid.ldf.mendelu.cz\/index.php?rest_route=\/wp\/v2\/users\/4"}],"replies":[{"embeddable":true,"href":"https:\/\/valid.ldf.mendelu.cz\/index.php?rest_route=%2Fwp%2Fv2%2Fcomments&post=404"}],"version-history":[{"count":20,"href":"https:\/\/valid.ldf.mendelu.cz\/index.php?rest_route=\/wp\/v2\/pages\/404\/revisions"}],"predecessor-version":[{"id":489,"href":"https:\/\/valid.ldf.mendelu.cz\/index.php?rest_route=\/wp\/v2\/pages\/404\/revisions\/489"}],"wp:attachment":[{"href":"https:\/\/valid.ldf.mendelu.cz\/index.php?rest_route=%2Fwp%2Fv2%2Fmedia&parent=404"}],"curies":[{"name":"wp","href":"https:\/\/api.w.org\/{rel}","templated":true}]}}