
{"id":414,"date":"2020-04-02T11:57:50","date_gmt":"2020-04-02T09:57:50","guid":{"rendered":"https:\/\/rumex.mendelu.cz\/hardis\/?page_id=414"},"modified":"2020-04-06T10:52:12","modified_gmt":"2020-04-06T08:52:12","slug":"kontakty","status":"publish","type":"page","link":"https:\/\/valid.ldf.mendelu.cz\/?page_id=414","title":{"rendered":"Kontakty"},"content":{"rendered":"<table style=\"height: 167px;\" width=\"1187\" cellspacing=\"0\" cellpadding=\"4\">\n<colgroup>\n<col width=\"149\" \/>\n<col width=\"153\" \/>\n<col width=\"152\" \/>\n<col width=\"152\" \/> <\/colgroup>\n<tbody>\n<tr valign=\"top\">\n<td style=\"background: transparent;\" width=\"149\">\n<p class=\"western\" align=\"left\"><span style=\"color: #000000;\"><span style=\"font-family: Liberation Serif, serif;\"><span style=\"font-size: medium;\">Organizace<\/span><\/span><\/span><\/p>\n<\/td>\n<td style=\"background: transparent;\" width=\"153\">\n<p class=\"western\" align=\"left\"><span style=\"color: #000000;\"><span style=\"font-family: Liberation Serif, serif;\"><span style=\"font-size: medium;\">Pozice v projektu<\/span><\/span><\/span><\/p>\n<\/td>\n<td style=\"background: transparent;\" width=\"152\">\n<p class=\"western\" align=\"left\"><span style=\"color: #000000;\"><span style=\"font-family: Liberation Serif, serif;\"><span style=\"font-size: medium;\">Jm\u00e9no<\/span><\/span><\/span><\/p>\n<\/td>\n<td style=\"background: transparent;\" width=\"152\">\n<p class=\"western\" align=\"left\"><span style=\"color: #000000;\"><span style=\"font-family: Liberation Serif, serif;\"><span style=\"font-size: medium;\">Email<\/span><\/span><\/span><\/p>\n<\/td>\n<\/tr>\n<tr valign=\"top\">\n<td style=\"background: transparent;\" width=\"149\">\n<p class=\"western\" align=\"left\"><span style=\"color: #000000;\"><span style=\"font-family: Liberation Serif, serif;\"><span style=\"font-size: medium;\">Universit\u00e4t f\u00fcr Bodenkultur Wien, Campus Tulln, Holztechnologie<\/span><\/span><\/span><\/p>\n<\/td>\n<td style=\"background: transparent;\" width=\"153\">\n<p class=\"western\" align=\"left\"><span style=\"color: #000000;\"><span style=\"font-family: Liberation Serif, serif;\"><span style=\"font-size: medium;\">Vedouc\u00ed partner<\/span><\/span><\/span><\/p>\n<\/td>\n<td style=\"background: transparent;\" width=\"152\">\n<p class=\"western\" align=\"left\"><span style=\"color: #000000;\"><span style=\"font-family: Liberation Serif, serif;\"><span style=\"font-size: medium;\">Rupert Wimmer<\/span><\/span><\/span><\/p>\n<\/td>\n<td style=\"background: transparent;\" width=\"152\">\n<p class=\"western\" align=\"left\"><span style=\"color: #000000;\"><span style=\"font-family: Liberation Serif, serif;\"><span style=\"font-size: medium;\">rupert.wimmer@boku.ac.at<\/span><\/span><\/span><\/p>\n<\/td>\n<\/tr>\n<tr valign=\"top\">\n<td style=\"background: transparent;\" width=\"149\">\n<p class=\"western\" align=\"left\"><span style=\"color: #000000;\"><span style=\"font-family: Liberation Serif, serif;\"><span style=\"font-size: medium;\">Mendelova univerzita v Brn\u011b<\/span><\/span><\/span><\/p>\n<\/td>\n<td style=\"background: transparent;\" width=\"153\">\n<p class=\"western\" align=\"left\"><span style=\"color: #000000;\"><span style=\"font-family: Liberation Serif, serif;\"><span style=\"font-size: medium;\">Partner projektu 1<\/span><\/span><\/span><\/p>\n<\/td>\n<td style=\"background: transparent;\" width=\"152\">\n<p class=\"western\" align=\"left\"><span style=\"color: #000000;\"><span style=\"font-family: Liberation Serif, serif;\"><span style=\"font-size: medium;\">Vladim\u00edr Gryc<\/span><\/span><\/span><\/p>\n<\/td>\n<td style=\"background: transparent;\" width=\"152\">\n<p class=\"western\" align=\"left\"><span style=\"color: #000000;\"><span style=\"font-family: Liberation Serif, serif;\"><span style=\"font-size: medium;\">gryc@mendelu.cz<\/span><\/span><\/span><\/p>\n<\/td>\n<\/tr>\n<tr valign=\"top\">\n<td style=\"background: transparent;\" width=\"149\">\n<p class=\"western\" align=\"left\"><span style=\"color: #000000;\"><span style=\"font-family: Liberation Serif, serif;\"><span style=\"font-size: medium;\">Universit\u00e4t f\u00fcr Bodenkultur Wien, Campus Tulln, NAWARO Chemie<\/span><\/span><\/span><\/p>\n<\/td>\n<td style=\"background: transparent;\" width=\"153\">\n<p class=\"western\" align=\"left\"><span style=\"color: #000000;\"><span style=\"font-family: Liberation Serif, serif;\"><span style=\"font-size: medium;\">Partner projektu 2<\/span><\/span><\/span><\/p>\n<\/td>\n<td style=\"background: transparent;\" width=\"152\">\n<p class=\"western\" align=\"left\"><span style=\"color: #000000;\"><span style=\"font-family: Liberation Serif, serif;\"><span style=\"font-size: medium;\">Thomas Rosenau<\/span><\/span><\/span><\/p>\n<\/td>\n<td style=\"background: transparent;\" width=\"152\">\n<p class=\"western\" align=\"left\"><span style=\"color: #000000;\"><span style=\"font-family: Liberation Serif, serif;\"><span style=\"font-size: medium;\">thomas.rosenau@boku.ac.at<\/span><\/span><\/span><\/p>\n<\/td>\n<\/tr>\n<\/tbody>\n<\/table>\n<p class=\"western\">telefonn\u00ed kontakt (AT): +431 47654-89156 Rupert Wimmer<\/p>\n<p class=\"western\">telefonn\u00ed kontakt (CZ): +420 545 134 548 Vladim\u00edr Gryc<\/p>\n<h3 class=\"western\"><span style=\"font-size: medium;\">Partnersk\u00e9 instituce<\/span><\/h3>\n<p class=\"western\">Veden\u00ed projektu: <span style=\"color: #000000;\"><strong>Universit\u00e4t f\u00fcr Bodenkultur Wien<\/strong>, Campus Tulln, Institut f\u00fcr Holztechnologie und Nachwachsende Rohstoffe, Konrad Lorenz Strasse <\/span><span style=\"color: #000000;\">24, 3430 Tuln, <\/span><span style=\"color: #000000;\">Rakousk\u00e1 republika<br \/>\nPartner 1:<strong> Mendelova Univerzita v Brn\u011b<\/strong>, Lesnick\u00e1 a d\u0159eva\u0159sk\u00e1 fakulta,\u00a0 \u00dastav nauky o d\u0159ev\u011b a d\u0159eva\u0159sk\u00fdch technologi\u00ed, Zem\u011bd\u011blsk\u00e1 3, 613 00 Brno, \u010cesk\u00e1 republika<br \/>\nPartner 2: <span style=\"color: #000000;\"><strong>Universit\u00e4t f\u00fcr Bodenkultur Wien<\/strong>, Campus Tulln, <\/span><\/span>Chemie Nachwachsender Rohstoffe, <span style=\"color: #000000;\">Konrad Lorenz Strasse <\/span><span style=\"color: #000000;\">24, 3430 Tuln, <\/span><span style=\"color: #000000;\">Rakousk\u00e1 republika<\/span><\/p>\n","protected":false},"excerpt":{"rendered":"<p>Organizace Pozice v projektu Jm\u00e9no Email Universit\u00e4t f\u00fcr Bodenkultur Wien, Campus Tulln, Holztechnologie Vedouc\u00ed partner Rupert Wimmer rupert.wimmer@boku.ac.at Mendelova univerzita v Brn\u011b Partner projektu 1 Vladim\u00edr Gryc gryc@mendelu.cz Universit\u00e4t f\u00fcr Bodenkultur Wien, Campus Tulln, NAWARO Chemie Partner projektu 2 Thomas&#8230;<br \/><a class=\"read-more-button\" href=\"https:\/\/valid.ldf.mendelu.cz\/?page_id=414\">\u010c\u00edst v\u00edce<\/a><\/p>\n","protected":false},"author":4,"featured_media":0,"parent":0,"menu_order":0,"comment_status":"closed","ping_status":"closed","template":"","meta":{"_exactmetrics_skip_tracking":false,"_exactmetrics_sitenote_active":false,"_exactmetrics_sitenote_note":"","_exactmetrics_sitenote_category":0,"footnotes":""},"class_list":["post-414","page","type-page","status-publish","hentry"],"_links":{"self":[{"href":"https:\/\/valid.ldf.mendelu.cz\/index.php?rest_route=\/wp\/v2\/pages\/414","targetHints":{"allow":["GET"]}}],"collection":[{"href":"https:\/\/valid.ldf.mendelu.cz\/index.php?rest_route=\/wp\/v2\/pages"}],"about":[{"href":"https:\/\/valid.ldf.mendelu.cz\/index.php?rest_route=\/wp\/v2\/types\/page"}],"author":[{"embeddable":true,"href":"https:\/\/valid.ldf.mendelu.cz\/index.php?rest_route=\/wp\/v2\/users\/4"}],"replies":[{"embeddable":true,"href":"https:\/\/valid.ldf.mendelu.cz\/index.php?rest_route=%2Fwp%2Fv2%2Fcomments&post=414"}],"version-history":[{"count":7,"href":"https:\/\/valid.ldf.mendelu.cz\/index.php?rest_route=\/wp\/v2\/pages\/414\/revisions"}],"predecessor-version":[{"id":451,"href":"https:\/\/valid.ldf.mendelu.cz\/index.php?rest_route=\/wp\/v2\/pages\/414\/revisions\/451"}],"wp:attachment":[{"href":"https:\/\/valid.ldf.mendelu.cz\/index.php?rest_route=%2Fwp%2Fv2%2Fmedia&parent=414"}],"curies":[{"name":"wp","href":"https:\/\/api.w.org\/{rel}","templated":true}]}}