
{"id":469,"date":"2021-07-12T13:48:35","date_gmt":"2021-07-12T11:48:35","guid":{"rendered":"https:\/\/rumex.mendelu.cz\/valid\/?page_id=469"},"modified":"2021-07-12T13:48:35","modified_gmt":"2021-07-12T11:48:35","slug":"pristroj-na-mereni-castic","status":"publish","type":"page","link":"https:\/\/valid.ldf.mendelu.cz\/?page_id=469","title":{"rendered":"P\u0159\u00edstroj na m\u011b\u0159en\u00ed \u010d\u00e1stic"},"content":{"rendered":"<p align=\"justify\">P\u0159\u00edstroj na m\u011b\u0159en\u00ed \u010d\u00e1stic \u2013 dynamick\u00e1 anal\u00fdza obrazu<\/p>\n<p align=\"justify\">P\u0159\u00edstroj na m\u011b\u0159en\u00ed \u010d\u00e1stic QICPIC od spole\u010dnosti Sympatec GmbH umo\u017e\u0148uje charakterizaci \u010d\u00e1stic od <span lang=\"de-DE\">&lt; 1 <\/span><span lang=\"de-DE\">\u00b5m do 34000 \u00b5m. <\/span>\u010c\u00e1stice jsou pro m\u011b\u0159en\u00ed za sucha nebo za mokra dispergov\u00e1ny a n\u00e1sledn\u011b osv\u011btleny pulzn\u00edm zdrojem sv\u011btla s dobami expozice v rozsahu nanosekund a zachyceny vysokorychlostn\u00ed kamerou. Sn\u00edmky jsou vyhodnocov\u00e1ny pomoc\u00ed softwaru jako distribuce \u010d\u00e1stic z hlediska velikosti, tvaru a po\u010dtu. Poskytuje tedy rychlou alternativu k s\u00edtov\u00e9 anal\u00fdze. Vyhodnocovac\u00ed software nab\u00edz\u00ed mo\u017enost r\u016fzn\u00fdch vyhodnocovac\u00edch re\u017eim\u016f, jako jsou parametry tvaru a objemov\u00e9 modely \u010d\u00e1stic.<\/p>\n<table width=\"614\" cellspacing=\"0\" cellpadding=\"7\">\n<colgroup>\n<col width=\"136\" \/>\n<col width=\"140\" \/>\n<col width=\"140\" \/>\n<col width=\"139\" \/> <\/colgroup>\n<tbody>\n<tr valign=\"top\">\n<td width=\"136\"><\/td>\n<td width=\"140\">\n<p align=\"center\">Anal\u00fdza obrazu<br \/>\n(za sucha)<\/p>\n<\/td>\n<td width=\"140\">\n<p align=\"center\">Anal\u00fdza obrazu<br \/>\n(za sucha)<\/p>\n<\/td>\n<td width=\"139\">\n<p align=\"center\">Anal\u00fdza obrazu<br \/>\n(za mokra)<\/p>\n<\/td>\n<\/tr>\n<tr valign=\"top\">\n<td width=\"136\">\n<p align=\"justify\">Disperga\u010dn\u00ed syst\u00e9m<\/p>\n<\/td>\n<td width=\"140\">\n<p align=\"justify\">Sympatec Rhodos<\/p>\n<\/td>\n<td width=\"140\">\n<p align=\"justify\">Sympatec Gradis<\/p>\n<\/td>\n<td width=\"139\">\n<p align=\"justify\">Sympatec Lixell<\/p>\n<\/td>\n<\/tr>\n<tr valign=\"top\">\n<td width=\"136\">\n<p align=\"justify\">M\u011b\u0159\u00edc\u00ed rozsah<\/p>\n<\/td>\n<td width=\"140\">\n<p align=\"justify\">1,8 <span lang=\"de-DE\">\u00b5m <\/span>\u2013<span lang=\"de-DE\"> 4000 \u00b5m<\/span><\/p>\n<\/td>\n<td width=\"140\">\n<p align=\"justify\">5 <span lang=\"de-DE\">\u00b5m <\/span>\u2013<span lang=\"de-DE\"> 10000 \u00b5m<\/span><\/p>\n<\/td>\n<td width=\"139\">\n<p align=\"justify\">1 <span lang=\"de-DE\">\u00b5m <\/span>\u2013<span lang=\"de-DE\"> 2000 \u00b5m<\/span><\/p>\n<\/td>\n<\/tr>\n<tr valign=\"top\">\n<td width=\"136\">\n<p align=\"justify\">Mno\u017estv\u00ed vzorku<\/p>\n<\/td>\n<td width=\"140\">\n<p align=\"justify\">0,5 mg \u2013 1000 g<\/p>\n<\/td>\n<td width=\"140\">\n<p align=\"justify\">10 g \u2013 1000 g<\/p>\n<\/td>\n<td width=\"139\">\n<p align=\"justify\">20 ml \u2013 5 l\/min<\/p>\n<\/td>\n<\/tr>\n<tr valign=\"top\">\n<td width=\"136\">\n<p align=\"justify\">Vhodn\u00e9 pro<\/p>\n<\/td>\n<td width=\"140\">pr\u00e1\u0161ky, vl\u00e1kna, farmaceutick\u00e9 granul\u00e1ty, kovov\u00e9 pr\u00e1\u0161ky,<br \/>\nplastov\u00e9 granul\u00e1ty<\/td>\n<td width=\"140\">pr\u00e1\u0161ky, vl\u00e1kna, granul\u00e1ty,<br \/>\nsl\u00e9v\u00e1rensk\u00e9 p\u00edsky,<br \/>\nprac\u00ed pr\u00e1\u0161ky<\/td>\n<td width=\"139\">suspenze,<br \/>\nemulze, pr\u00e1\u0161ky,<br \/>\nvl\u00e1kna, vzorky p\u016fdy, mikrokuli\u010dky<\/td>\n<\/tr>\n<tr valign=\"top\">\n<td width=\"136\">\n<p align=\"justify\">Typick\u00e9 aplikace<\/p>\n<\/td>\n<td width=\"140\">methylcelul\u00f3za,<br \/>\nk\u00e1va, d\u0159evn\u00ed vl\u00e1kna<\/td>\n<td width=\"140\">ml\u00e9ko v pr\u00e1\u0161ku<\/td>\n<td width=\"139\">ovocn\u00fd d\u017eus, nitrocelul\u00f3za<\/td>\n<\/tr>\n<tr valign=\"top\">\n<td width=\"136\">\n<p align=\"justify\">Pou\u017e\u00edv\u00e1 se ke kontrole<\/p>\n<\/td>\n<td width=\"140\">drcen\u00ed,<br \/>\ngranulace,<br \/>\nm\u00edch\u00e1n\u00ed,<br \/>\nt\u0159\u00edden\u00ed<\/td>\n<td width=\"140\">drcen\u00ed,<br \/>\ngranulace,<br \/>\nm\u00edch\u00e1n\u00ed,<br \/>\nklasifikace<\/td>\n<td width=\"139\">drcen\u00ed,<br \/>\nklasifikace,<br \/>\nm\u00edch\u00e1n\u00ed, homogenizace,<br \/>\nsynt\u00e9zy \u010d\u00e1stic<\/td>\n<\/tr>\n<\/tbody>\n<\/table>\n<p>Software nab\u00edz\u00ed mo\u017enost vyhodnotit \u010d\u00e1stice podle jejich charakteru. Pro tento \u00fa\u010del jsou k dispozici r\u016fzn\u00e9 mo\u017enosti stanoven\u00ed velikosti \u010d\u00e1stic. Nap\u0159\u00edklad vl\u00e1knit\u00e9 a rovn\u011b\u017e rozv\u011btven\u00e9 \u010d\u00e1stice mohou b\u00fdt optim\u00e1ln\u011b ur\u010den\u00e9 podle pr\u016fm\u011bru a d\u00e9lky.<\/p>\n<p align=\"justify\"><img loading=\"lazy\" decoding=\"async\" class=\"aligncenter size-full wp-image-470\" src=\"https:\/\/rumex.mendelu.cz\/valid\/wp-content\/uploads\/2021\/07\/maschine.png\" alt=\"\" width=\"729\" height=\"547\" srcset=\"https:\/\/valid.ldf.mendelu.cz\/wp-content\/uploads\/2021\/07\/maschine.png 729w, https:\/\/valid.ldf.mendelu.cz\/wp-content\/uploads\/2021\/07\/maschine-300x225.png 300w\" sizes=\"auto, (max-width: 729px) 100vw, 729px\" \/><\/p>\n","protected":false},"excerpt":{"rendered":"<p>P\u0159\u00edstroj na m\u011b\u0159en\u00ed \u010d\u00e1stic \u2013 dynamick\u00e1 anal\u00fdza obrazu P\u0159\u00edstroj na m\u011b\u0159en\u00ed \u010d\u00e1stic QICPIC od spole\u010dnosti Sympatec GmbH umo\u017e\u0148uje charakterizaci \u010d\u00e1stic od &lt; 1 \u00b5m do 34000 \u00b5m. \u010c\u00e1stice jsou pro m\u011b\u0159en\u00ed za sucha nebo za mokra dispergov\u00e1ny a n\u00e1sledn\u011b osv\u011btleny&#8230;<br \/><a class=\"read-more-button\" href=\"https:\/\/valid.ldf.mendelu.cz\/?page_id=469\">\u010c\u00edst v\u00edce<\/a><\/p>\n","protected":false},"author":4,"featured_media":0,"parent":0,"menu_order":0,"comment_status":"closed","ping_status":"closed","template":"","meta":{"_exactmetrics_skip_tracking":false,"_exactmetrics_sitenote_active":false,"_exactmetrics_sitenote_note":"","_exactmetrics_sitenote_category":0,"footnotes":""},"class_list":["post-469","page","type-page","status-publish","hentry"],"_links":{"self":[{"href":"https:\/\/valid.ldf.mendelu.cz\/index.php?rest_route=\/wp\/v2\/pages\/469","targetHints":{"allow":["GET"]}}],"collection":[{"href":"https:\/\/valid.ldf.mendelu.cz\/index.php?rest_route=\/wp\/v2\/pages"}],"about":[{"href":"https:\/\/valid.ldf.mendelu.cz\/index.php?rest_route=\/wp\/v2\/types\/page"}],"author":[{"embeddable":true,"href":"https:\/\/valid.ldf.mendelu.cz\/index.php?rest_route=\/wp\/v2\/users\/4"}],"replies":[{"embeddable":true,"href":"https:\/\/valid.ldf.mendelu.cz\/index.php?rest_route=%2Fwp%2Fv2%2Fcomments&post=469"}],"version-history":[{"count":1,"href":"https:\/\/valid.ldf.mendelu.cz\/index.php?rest_route=\/wp\/v2\/pages\/469\/revisions"}],"predecessor-version":[{"id":472,"href":"https:\/\/valid.ldf.mendelu.cz\/index.php?rest_route=\/wp\/v2\/pages\/469\/revisions\/472"}],"wp:attachment":[{"href":"https:\/\/valid.ldf.mendelu.cz\/index.php?rest_route=%2Fwp%2Fv2%2Fmedia&parent=469"}],"curies":[{"name":"wp","href":"https:\/\/api.w.org\/{rel}","templated":true}]}}