
{"id":485,"date":"2023-11-30T10:26:00","date_gmt":"2023-11-30T09:26:00","guid":{"rendered":"https:\/\/rumex.mendelu.cz\/valid\/?page_id=485"},"modified":"2023-11-30T10:26:00","modified_gmt":"2023-11-30T09:26:00","slug":"universitat-fur-bodenkultur-wien-campus-tulln-nawaro-chemie","status":"publish","type":"page","link":"https:\/\/valid.ldf.mendelu.cz\/?page_id=485","title":{"rendered":"Universit\u00e4t f\u00fcr Bodenkultur Wien, Campus Tulln, NAWARO Chemie"},"content":{"rendered":"\n<p>\u00dastav se zam\u011b\u0159uje na chemii obnoviteln\u00fdch surovin, kde hlavn\u00edm t\u011b\u017ei\u0161t\u011bm je studium chemie celul\u00f3zy, chemie polysacharid\u016f, anal\u00fdza celul\u00f3zy, fenolick\u00fdch antioxidant\u016f, chemie lignin\u016f a \u201ezelenou chemii\u201c. Rozsah metod zahrnuje chemickou synt\u00e9zu s doprovodnou analytikou, deriv\u00e1ty celul\u00f3zy, izotopov\u00e9 zna\u010den\u00ed, chemii heterocykl\u016f, anal\u00fdzy chemick\u00e9 struktury v pevn\u00e9 a kapaln\u00e9 f\u00e1zi s NMR, ESR, krystalografick\u00e9 anal\u00fdzy, speci\u00e1ln\u00ed analytick\u00e9 techniky s GPC a kapil\u00e1rn\u00ed elektrofor\u00e9zou. Tento mezin\u00e1rodn\u011b orientovan\u00fd a takt\u00e9\u017e zn\u00e1m\u00fd \u00fastav se tak\u00e9 intenz\u00edvn\u011b v\u011bnuje vyu\u017eit\u00ed lignocelul\u00f3zov\u00fdch zbytk\u016f, kter\u00fdmi jsou \u010d\u00e1sticov\u00e9 a vl\u00e1knit\u00e9 zbytky z v\u00fdroby buni\u010diny (K-projekt FLIPPR). Zde i v jin\u00fdch projektech se \u00fazce spolupracuje s pr\u016fmyslem a to a\u017e do f\u00e1ze uveden\u00ed na trh.<\/p>\n\n\n\n<p class=\"has-text-align-center\"><a href=\"https:\/\/boku.ac.at\/chemie\/wpf\" data-type=\"link\" data-id=\"https:\/\/boku.ac.at\/chemie\/wpf\"><img loading=\"lazy\" decoding=\"async\" width=\"300\" height=\"300\" class=\"aligncenter size-medium wp-image-435\" src=\"https:\/\/rumex.mendelu.cz\/valid\/wp-content\/uploads\/2020\/04\/Boku-wien.svg_-300x300.png\" alt=\"\" srcset=\"https:\/\/valid.ldf.mendelu.cz\/wp-content\/uploads\/2020\/04\/Boku-wien.svg_-300x300.png 300w, https:\/\/valid.ldf.mendelu.cz\/wp-content\/uploads\/2020\/04\/Boku-wien.svg_-150x150.png 150w, https:\/\/valid.ldf.mendelu.cz\/wp-content\/uploads\/2020\/04\/Boku-wien.svg_-768x768.png 768w, https:\/\/valid.ldf.mendelu.cz\/wp-content\/uploads\/2020\/04\/Boku-wien.svg_.png 1024w\" sizes=\"auto, (max-width: 300px) 100vw, 300px\" \/><\/a><\/p>\n","protected":false},"excerpt":{"rendered":"<p>\u00dastav se zam\u011b\u0159uje na chemii obnoviteln\u00fdch surovin, kde hlavn\u00edm t\u011b\u017ei\u0161t\u011bm je studium chemie celul\u00f3zy, chemie polysacharid\u016f, anal\u00fdza celul\u00f3zy, fenolick\u00fdch antioxidant\u016f, chemie lignin\u016f a \u201ezelenou chemii\u201c. Rozsah metod zahrnuje chemickou synt\u00e9zu s doprovodnou analytikou, deriv\u00e1ty celul\u00f3zy, izotopov\u00e9 zna\u010den\u00ed, chemii heterocykl\u016f, anal\u00fdzy&#8230;<br \/><a class=\"read-more-button\" href=\"https:\/\/valid.ldf.mendelu.cz\/?page_id=485\">\u010c\u00edst v\u00edce<\/a><\/p>\n","protected":false},"author":4,"featured_media":0,"parent":0,"menu_order":0,"comment_status":"closed","ping_status":"closed","template":"","meta":{"_exactmetrics_skip_tracking":false,"_exactmetrics_sitenote_active":false,"_exactmetrics_sitenote_note":"","_exactmetrics_sitenote_category":0,"footnotes":""},"class_list":["post-485","page","type-page","status-publish","hentry"],"_links":{"self":[{"href":"https:\/\/valid.ldf.mendelu.cz\/index.php?rest_route=\/wp\/v2\/pages\/485","targetHints":{"allow":["GET"]}}],"collection":[{"href":"https:\/\/valid.ldf.mendelu.cz\/index.php?rest_route=\/wp\/v2\/pages"}],"about":[{"href":"https:\/\/valid.ldf.mendelu.cz\/index.php?rest_route=\/wp\/v2\/types\/page"}],"author":[{"embeddable":true,"href":"https:\/\/valid.ldf.mendelu.cz\/index.php?rest_route=\/wp\/v2\/users\/4"}],"replies":[{"embeddable":true,"href":"https:\/\/valid.ldf.mendelu.cz\/index.php?rest_route=%2Fwp%2Fv2%2Fcomments&post=485"}],"version-history":[{"count":1,"href":"https:\/\/valid.ldf.mendelu.cz\/index.php?rest_route=\/wp\/v2\/pages\/485\/revisions"}],"predecessor-version":[{"id":487,"href":"https:\/\/valid.ldf.mendelu.cz\/index.php?rest_route=\/wp\/v2\/pages\/485\/revisions\/487"}],"wp:attachment":[{"href":"https:\/\/valid.ldf.mendelu.cz\/index.php?rest_route=%2Fwp%2Fv2%2Fmedia&parent=485"}],"curies":[{"name":"wp","href":"https:\/\/api.w.org\/{rel}","templated":true}]}}